{"id":1735,"date":"2024-01-17T12:36:38","date_gmt":"2024-01-17T11:36:38","guid":{"rendered":"https:\/\/eurekazgz.es\/?page_id=1735"},"modified":"2024-01-19T13:06:08","modified_gmt":"2024-01-19T12:06:08","slug":"colonias-urbanas","status":"publish","type":"page","link":"https:\/\/eurekazgz.es\/en\/colonias-urbanas\/","title":{"rendered":"Colonias Urbanas"},"content":{"rendered":"<div data-elementor-type=\"wp-page\" data-elementor-id=\"1735\" class=\"elementor elementor-1735\" data-elementor-post-type=\"page\">\n\t\t\t\t\t\t<section class=\"elementor-section elementor-top-section elementor-element elementor-element-ddad4a7 elementor-section-content-middle elementor-section-boxed elementor-section-height-default elementor-section-height-default\" data-id=\"ddad4a7\" data-element_type=\"section\" data-e-type=\"section\" data-settings=\"{&quot;background_background&quot;:&quot;classic&quot;}\">\n\t\t\t\t\t\t<div class=\"elementor-container elementor-column-gap-no\">\n\t\t\t\t\t<div class=\"elementor-column elementor-col-100 elementor-top-column elementor-element elementor-element-dbab324\" data-id=\"dbab324\" data-element_type=\"column\" data-e-type=\"column\">\n\t\t\t<div class=\"elementor-widget-wrap elementor-element-populated\">\n\t\t\t\t\t\t<div class=\"elementor-element elementor-element-77a526e elementor-widget-tablet__width-initial elementor-widget-mobile__width-initial elementor-widget elementor-widget-heading\" data-id=\"77a526e\" data-element_type=\"widget\" data-e-type=\"widget\" data-widget_type=\"heading.default\">\n\t\t\t\t<div class=\"elementor-widget-container\">\n\t\t\t\t\t<h1 class=\"elementor-heading-title elementor-size-default\">COLONIAS URBANAS <br> (ABIERTO POR VACACIONES)<\/h1>\t\t\t\t<\/div>\n\t\t\t\t<\/div>\n\t\t\t\t<section class=\"elementor-section elementor-inner-section elementor-element elementor-element-b528ecc elementor-section-boxed elementor-section-height-default elementor-section-height-default\" data-id=\"b528ecc\" data-element_type=\"section\" data-e-type=\"section\">\n\t\t\t\t\t\t<div class=\"elementor-container elementor-column-gap-custom\">\n\t\t\t\t\t<div class=\"elementor-column elementor-col-50 elementor-inner-column elementor-element elementor-element-1f4f8fa\" data-id=\"1f4f8fa\" data-element_type=\"column\" data-e-type=\"column\">\n\t\t\t<div class=\"elementor-widget-wrap elementor-element-populated\">\n\t\t\t\t\t\t<div class=\"elementor-element elementor-element-7d9078f elementor-position-top elementor-widget elementor-widget-image-box\" data-id=\"7d9078f\" data-element_type=\"widget\" data-e-type=\"widget\" data-widget_type=\"image-box.default\">\n\t\t\t\t<div class=\"elementor-widget-container\">\n\t\t\t\t\t<div class=\"elementor-image-box-wrapper\"><figure class=\"elementor-image-box-img\"><img fetchpriority=\"high\" decoding=\"async\" width=\"1024\" height=\"726\" src=\"https:\/\/eurekazgz.es\/wp-content\/uploads\/2024\/01\/Eurekazgz_colonias_urbanas-1024x726.png\" class=\"attachment-large size-large wp-image-1708\" alt=\"\" srcset=\"https:\/\/eurekazgz.es\/wp-content\/uploads\/2024\/01\/Eurekazgz_colonias_urbanas-1024x726.png 1024w, https:\/\/eurekazgz.es\/wp-content\/uploads\/2024\/01\/Eurekazgz_colonias_urbanas-300x213.png 300w, https:\/\/eurekazgz.es\/wp-content\/uploads\/2024\/01\/Eurekazgz_colonias_urbanas-768x545.png 768w, https:\/\/eurekazgz.es\/wp-content\/uploads\/2024\/01\/Eurekazgz_colonias_urbanas-1536x1090.png 1536w, https:\/\/eurekazgz.es\/wp-content\/uploads\/2024\/01\/Eurekazgz_colonias_urbanas-18x12.png 18w, https:\/\/eurekazgz.es\/wp-content\/uploads\/2024\/01\/Eurekazgz_colonias_urbanas.png 1748w\" sizes=\"(max-width: 1024px) 100vw, 1024px\" \/><\/figure><div class=\"elementor-image-box-content\"><h3 class=\"elementor-image-box-title\">COLONIAS URBANAS <br> (ABIERTO POR VACACIONES)<\/h3><\/div><\/div>\t\t\t\t<\/div>\n\t\t\t\t<\/div>\n\t\t\t\t\t<\/div>\n\t\t<\/div>\n\t\t\t\t<div class=\"elementor-column elementor-col-50 elementor-inner-column elementor-element elementor-element-a76f7e3\" data-id=\"a76f7e3\" data-element_type=\"column\" data-e-type=\"column\">\n\t\t\t<div class=\"elementor-widget-wrap elementor-element-populated\">\n\t\t\t\t\t\t<div class=\"elementor-element elementor-element-9c8674c elementor-widget elementor-widget-spacer\" data-id=\"9c8674c\" data-element_type=\"widget\" data-e-type=\"widget\" data-widget_type=\"spacer.default\">\n\t\t\t\t<div class=\"elementor-widget-container\">\n\t\t\t\t\t\t\t<div class=\"elementor-spacer\">\n\t\t\t<div class=\"elementor-spacer-inner\"><\/div>\n\t\t<\/div>\n\t\t\t\t\t\t<\/div>\n\t\t\t\t<\/div>\n\t\t\t\t<div class=\"elementor-element elementor-element-20bf23a elementor-widget elementor-widget-text-editor\" data-id=\"20bf23a\" data-element_type=\"widget\" data-e-type=\"widget\" data-widget_type=\"text-editor.default\">\n\t\t\t\t<div class=\"elementor-widget-container\">\n\t\t\t\t\t\t\t\t\t<p>Realizamos proyectos del Programa Abierto por Vacaciones en centros educativos con ni\u00f1os y ni\u00f1as de 2 a 12 a\u00f1os durante los periodos vacacionales de Navidad, Semana Santa y Verano.<\/p><p>Cada a\u00f1o ofrecemos una propuesta diferente que incluye actividades como: manualidades, taller de cocina, juegos deportivos, gymkhanas, salidas a la piscina&#8230; Asimismo, contamos con programaci\u00f3n adaptada para el alumnado con necesidades educativas especiales.<\/p><p><span style=\"color: #000000;\"><a style=\"color: #000000;\" href=\"https:\/\/eurekazgz.es\/en\/abierto-por-vacaciones\/\"><span style=\"text-decoration: underline;\"><span style=\"color: #8aa485; text-decoration: underline;\">Clic aqu\u00ed<\/span><\/span><\/a><\/span> para conocer d\u00f3nde llevaremos a cabo las pr\u00f3ximas colonias.<\/p>\t\t\t\t\t\t\t\t<\/div>\n\t\t\t\t<\/div>\n\t\t\t\t\t<\/div>\n\t\t<\/div>\n\t\t\t\t\t<\/div>\n\t\t<\/section>\n\t\t\t\t\t<\/div>\n\t\t<\/div>\n\t\t\t\t\t<\/div>\n\t\t<\/section>\n\t\t\t\t<\/div>","protected":false},"excerpt":{"rendered":"<p>COLONIAS URBANAS (ABIERTO POR VACACIONES) COLONIAS URBANAS (ABIERTO POR VACACIONES) Realizamos proyectos del Programa Abierto por Vacaciones en centros educativos con ni\u00f1os y ni\u00f1as de 2 a 12 a\u00f1os durante los periodos vacacionales de Navidad, Semana Santa y Verano. Cada a\u00f1o ofrecemos una propuesta diferente que incluye actividades como: manualidades, taller de cocina, juegos deportivos, &hellip;<\/p>\n<p class=\"read-more\"> <a class=\"\" href=\"https:\/\/eurekazgz.es\/en\/colonias-urbanas\/\"> <span class=\"screen-reader-text\">Colonias Urbanas<\/span> Read More &raquo;<\/a><\/p>","protected":false},"author":2849,"featured_media":0,"parent":0,"menu_order":0,"comment_status":"closed","ping_status":"closed","template":"","meta":{"_uag_custom_page_level_css":"","site-sidebar-layout":"no-sidebar","site-content-layout":"page-builder","ast-global-header-display":"","ast-main-header-display":"","ast-hfb-above-header-display":"","ast-hfb-below-header-display":"","ast-hfb-mobile-header-display":"","site-post-title":"disabled","ast-breadcrumbs-content":"","ast-featured-img":"disabled","footer-sml-layout":"","theme-transparent-header-meta":"","adv-header-id-meta":"","stick-header-meta":"","header-above-stick-meta":"","header-main-stick-meta":"","header-below-stick-meta":"","footnotes":""},"class_list":["post-1735","page","type-page","status-publish","hentry"],"uagb_featured_image_src":{"full":false,"thumbnail":false,"medium":false,"medium_large":false,"large":false,"1536x1536":false,"2048x2048":false,"trp-custom-language-flag":false},"uagb_author_info":{"display_name":"user6381de69612b2","author_link":"https:\/\/eurekazgz.es\/en\/author\/user6381de69612b2\/"},"uagb_comment_info":0,"uagb_excerpt":"COLONIAS URBANAS (ABIERTO POR VACACIONES) COLONIAS URBANAS (ABIERTO POR VACACIONES) Realizamos proyectos del Programa Abierto por Vacaciones en centros educativos con ni\u00f1os y ni\u00f1as de 2 a 12 a\u00f1os durante los periodos vacacionales de Navidad, Semana Santa y Verano. Cada a\u00f1o ofrecemos una propuesta diferente que incluye actividades como: manualidades, taller de cocina, juegos deportivos,&hellip;","_links":{"self":[{"href":"https:\/\/eurekazgz.es\/en\/wp-json\/wp\/v2\/pages\/1735","targetHints":{"allow":["GET"]}}],"collection":[{"href":"https:\/\/eurekazgz.es\/en\/wp-json\/wp\/v2\/pages"}],"about":[{"href":"https:\/\/eurekazgz.es\/en\/wp-json\/wp\/v2\/types\/page"}],"author":[{"embeddable":true,"href":"https:\/\/eurekazgz.es\/en\/wp-json\/wp\/v2\/users\/2849"}],"replies":[{"embeddable":true,"href":"https:\/\/eurekazgz.es\/en\/wp-json\/wp\/v2\/comments?post=1735"}],"version-history":[{"count":22,"href":"https:\/\/eurekazgz.es\/en\/wp-json\/wp\/v2\/pages\/1735\/revisions"}],"predecessor-version":[{"id":1856,"href":"https:\/\/eurekazgz.es\/en\/wp-json\/wp\/v2\/pages\/1735\/revisions\/1856"}],"wp:attachment":[{"href":"https:\/\/eurekazgz.es\/en\/wp-json\/wp\/v2\/media?parent=1735"}],"curies":[{"name":"wp","href":"https:\/\/api.w.org\/{rel}","templated":true}]}}