{"id":33,"date":"2022-11-26T11:40:17","date_gmt":"2022-11-26T11:40:17","guid":{"rendered":"https:\/\/eurekazgz.es\/?page_id=33"},"modified":"2022-12-02T19:43:22","modified_gmt":"2022-12-02T19:43:22","slug":"politica-de-privacidad","status":"publish","type":"page","link":"https:\/\/eurekazgz.es\/en\/politica-de-privacidad\/","title":{"rendered":"Privacy Policy"},"content":{"rendered":"<div data-elementor-type=\"wp-page\" data-elementor-id=\"33\" class=\"elementor elementor-33\" data-elementor-post-type=\"page\">\n\t\t\t\t\t\t<section class=\"elementor-section elementor-top-section elementor-element elementor-element-e7507fc elementor-section-content-middle elementor-section-boxed elementor-section-height-default elementor-section-height-default\" data-id=\"e7507fc\" data-element_type=\"section\" data-e-type=\"section\" data-settings=\"{&quot;background_background&quot;:&quot;classic&quot;}\">\n\t\t\t\t\t\t<div class=\"elementor-container elementor-column-gap-no\">\n\t\t\t\t\t<div class=\"elementor-column elementor-col-100 elementor-top-column elementor-element elementor-element-6fa59f1\" data-id=\"6fa59f1\" data-element_type=\"column\" data-e-type=\"column\">\n\t\t\t<div class=\"elementor-widget-wrap elementor-element-populated\">\n\t\t\t\t\t\t<div class=\"elementor-element elementor-element-0296211 elementor-widget elementor-widget-heading\" data-id=\"0296211\" data-element_type=\"widget\" data-e-type=\"widget\" data-widget_type=\"heading.default\">\n\t\t\t\t<div class=\"elementor-widget-container\">\n\t\t\t\t\t<h1 class=\"elementor-heading-title elementor-size-default\">PRIVACY POLICY<\/h1>\t\t\t\t<\/div>\n\t\t\t\t<\/div>\n\t\t\t\t<div class=\"elementor-element elementor-element-f6b1cd3 elementor-widget elementor-widget-text-editor\" data-id=\"f6b1cd3\" data-element_type=\"widget\" data-e-type=\"widget\" data-widget_type=\"text-editor.default\">\n\t\t\t\t<div class=\"elementor-widget-container\">\n\t\t\t\t\t\t\t\t\t<p>In compliance with the provisions of Regulation (EU) 2016\/679 of the European Parliament and of the Council of 27 April 2016 on the protection of natural persons with regard to the processing of personal data and on the free movement of such data and with Organic Law 3\/2018 of 5 December on the Protection of Personal Data and the guarantee of digital rights, as well as its implementing regulations, we provide you with extended information in this Privacy Policy.<\/p><p><b>WHO IS RESPONSIBLE FOR THE PROCESSING OF YOUR DATA<\/b><\/p><ul><li>Identity: EUREKA ZARAGOZA S.L.U. (hereinafter EUREKA ZARAGOZA)<\/li><li>Postal Address: C\/ ANTONIO MAURA N\u00ba 46-48 - 3\u00ba C, 50013, ZARAGOZA.<\/li><li>Telephone: 663316440<\/li><li>Email: info@eurekazgz.es<\/li><\/ul><p><b>FOR WHAT PURPOSE WE PROCESS YOUR PERSONAL DATA<\/b><\/p><p><span style=\"font-style: inherit; font-weight: inherit; background-color: var(--ast-global-color-5);\">At EUREKA ZARAGOZA we process the information provided to us by interested parties for the following purposes:<\/span><\/p><p>- Organise extracurricular activities and provide other services offered by our organisation.<br \/>- Send information of interest by e-mail.<br \/>- Personnel selection - We process the information provided by candidates through their CVs in order to include them in our personnel selection processes. Your data will be processed in order to prepare the profiles of the candidates suitable for the positions offered.<br \/>- Capture and dissemination of images - The entity may capture photographic and audiovisual images of minors during the development of its activity, in all types of events, activities and actions programmed by it, in order to subsequently disseminate them on its website, social networks, media, etc. To do so, you must give your express consent through the means provided on our forms.<br \/>- Use of Whatsapp: Company management may send information of interest on certain activities through Whatsapp groups in which the identity of the members is anonymous and in which it is not possible to intervene or send messages.<br \/>We advise parents or guardians not to use this application to send registration forms, as these may contain sensitive information about children.<br \/>- No automated decisions will be made on the basis of the data provided.<\/p><p><b>HOW LONG WE KEEP YOUR DATA<\/b><\/p><p><span style=\"font-style: inherit; font-weight: inherit; background-color: var(--ast-global-color-5);\">The personal data provided will be kept for the time necessary to provide the requested service and for the legally established periods. The personal data provided through your CV will be kept for\u00a0<\/span><span style=\"font-style: inherit; font-weight: inherit; background-color: var(--ast-global-color-5);\">as long as the recruitment process remains open. Discarded CVs will be\u00a0<\/span><span style=\"font-style: inherit; font-weight: inherit; background-color: var(--ast-global-color-5);\">destroyed.<\/span><\/p><p><b>WHAT IS THE LEGITIMACY FOR THE PROCESSING OF YOUR DATA<\/b><\/p><p>The legal basis for processing your data is, as the case may be, the data subject's consent, the performance of a contract or legitimate interest.<\/p><p>The legal basis for the processing of data contained in CVs is the implementation, at the applicant's request, of pre-contractual measures or the intention to conclude a contract.<br \/>The processing of data for sending commercial communications to our customers and business contacts who have registered on our website is based on the legitimate interest established in the European Data Protection Regulation and the Law on Services for the Information Society and Electronic Commerce. If you prefer not to receive these messages by e-mail, we will offer you the possibility of exercising your right to object to such processing.<\/p><p><b>TO WHICH RECIPIENTS YOUR DATA WILL BE DISCLOSED<\/b><\/p><p>The data will not be communicated to third parties unless legally obliged to do so.<\/p><p><b>DATA TRANSFERS TO THIRD COUNTRIES <\/b><\/p><p>There are no plans to transfer data to third countries.<\/p><p><b>HOW WE HAVE OBTAINED YOUR DATA<\/b><\/p><p>The data originate from the data subject and, in the case of children under 14 years of age, from their parent or legal guardian.<br \/>The special categories of data processed are health data.<\/p><p><b>WHAT ARE YOUR RIGHTS WHEN YOU PROVIDE US WITH YOUR DATA<\/b><\/p><p>Any person has the right to obtain information about whether or not EUREKA ZARAGOZA is processing personal data concerning them.<br \/>Interested parties have the right to access their personal data, as well as to request the rectification of inaccurate data or, where appropriate, to request its deletion when, among other reasons, the data is no longer necessary for the purposes for which it was collected.<br \/>You also have the right to data portability. In certain circumstances, data subjects may request that we limit the processing of their data, in which case we will only keep it for the purpose of exercising or defending claims.<br \/>In certain circumstances and for reasons related to their particular situation, data subjects may object to the processing of their data. In this case, EUREKA ZARAGOZA will cease to process the data, except for compelling legitimate reasons, or the exercise or defence of possible claims. You may materially exercise your rights by sending an e-mail to info@eurekazgz.es duly identifying yourself and expressly indicating the specific right you wish to exercise.<br \/>If you have given your consent for a specific purpose, you have the right to withdraw the consent given at any time, without affecting the lawfulness of the processing based on the consent prior to its withdrawal. In case you feel that your rights concerning the protection of your personal data have been violated, especially when you have not obtained satisfaction in the exercise of your rights, you may contact the Data Protection Officer, if appointed, or file a complaint with the competent Data Protection Supervisory Authority via its website: www.aepd.es.<\/p><p><b>MORE INFORMATION ON THE PROCESSING OF YOUR DATA<\/b><\/p><p>When we need to obtain information from you, we will always ask you to provide it voluntarily by giving your express consent through the means provided for this purpose.<br \/>The processing of the data collected through the data collection forms on the website or other means will be included in the Register of Processing Activities for which EUREKA ZARAGOZA is responsible.<br \/>EUREKA ZARAGOZA treats the data confidentially and adopts the appropriate technical and organisational measures to guarantee the appropriate level of security for the processing, in compliance with the requirements of Regulation (EU) 2016\/679 of the European Parliament and of the Council of 27 April 2016 and other applicable regulations on Data Protection. However, EUREKA ZARAGOZA cannot guarantee the absolute invulnerability of the systems, therefore, it assumes no liability for damages resulting from alterations that third parties may cause in the computer systems, electronic documents or files of the user. If you choose to leave our web site through links to web sites not belonging to our entity, EUREKA ZARAGOZA shall not be held responsible for the privacy policies of said web sites or for the cookies that they may store in the user's computer.<\/p>\t\t\t\t\t\t\t\t<\/div>\n\t\t\t\t<\/div>\n\t\t\t\t\t<\/div>\n\t\t<\/div>\n\t\t\t\t\t<\/div>\n\t\t<\/section>\n\t\t\t\t<\/div>","protected":false},"excerpt":{"rendered":"<p>POL\u00cdTICA DE PRIVACIDAD En cumplimiento de lo establecido en el Reglamento (UE) 2016\/679 del Parlamento Europeo y del Consejo de 27 de abril de 2016 relativo a la protecci\u00f3n de las personas f\u00edsicas en lo que respecta al tratamiento de datos personales y a la libre circulaci\u00f3n de estos y en la Ley Org\u00e1nica 3\/2018, &hellip;<\/p>\n<p class=\"read-more\"> <a class=\"\" href=\"https:\/\/eurekazgz.es\/en\/politica-de-privacidad\/\"> <span class=\"screen-reader-text\">Privacy Policy<\/span> Read More &raquo;<\/a><\/p>","protected":false},"author":2849,"featured_media":0,"parent":0,"menu_order":0,"comment_status":"closed","ping_status":"closed","template":"","meta":{"_uag_custom_page_level_css":"","site-sidebar-layout":"no-sidebar","site-content-layout":"page-builder","ast-global-header-display":"","ast-main-header-display":"","ast-hfb-above-header-display":"","ast-hfb-below-header-display":"","ast-hfb-mobile-header-display":"","site-post-title":"disabled","ast-breadcrumbs-content":"","ast-featured-img":"disabled","footer-sml-layout":"","theme-transparent-header-meta":"","adv-header-id-meta":"","stick-header-meta":"","header-above-stick-meta":"","header-main-stick-meta":"","header-below-stick-meta":"","footnotes":""},"class_list":["post-33","page","type-page","status-publish","hentry"],"uagb_featured_image_src":{"full":false,"thumbnail":false,"medium":false,"medium_large":false,"large":false,"1536x1536":false,"2048x2048":false,"trp-custom-language-flag":false},"uagb_author_info":{"display_name":"user6381de69612b2","author_link":"https:\/\/eurekazgz.es\/en\/author\/user6381de69612b2\/"},"uagb_comment_info":0,"uagb_excerpt":"POL\u00cdTICA DE PRIVACIDAD En cumplimiento de lo establecido en el Reglamento (UE) 2016\/679 del Parlamento Europeo y del Consejo de 27 de abril de 2016 relativo a la protecci\u00f3n de las personas f\u00edsicas en lo que respecta al tratamiento de datos personales y a la libre circulaci\u00f3n de estos y en la Ley Org\u00e1nica 3\/2018,&hellip;","_links":{"self":[{"href":"https:\/\/eurekazgz.es\/en\/wp-json\/wp\/v2\/pages\/33","targetHints":{"allow":["GET"]}}],"collection":[{"href":"https:\/\/eurekazgz.es\/en\/wp-json\/wp\/v2\/pages"}],"about":[{"href":"https:\/\/eurekazgz.es\/en\/wp-json\/wp\/v2\/types\/page"}],"author":[{"embeddable":true,"href":"https:\/\/eurekazgz.es\/en\/wp-json\/wp\/v2\/users\/2849"}],"replies":[{"embeddable":true,"href":"https:\/\/eurekazgz.es\/en\/wp-json\/wp\/v2\/comments?post=33"}],"version-history":[{"count":22,"href":"https:\/\/eurekazgz.es\/en\/wp-json\/wp\/v2\/pages\/33\/revisions"}],"predecessor-version":[{"id":613,"href":"https:\/\/eurekazgz.es\/en\/wp-json\/wp\/v2\/pages\/33\/revisions\/613"}],"wp:attachment":[{"href":"https:\/\/eurekazgz.es\/en\/wp-json\/wp\/v2\/media?parent=33"}],"curies":[{"name":"wp","href":"https:\/\/api.w.org\/{rel}","templated":true}]}}